{"id":9809,"date":"2024-09-25T23:21:03","date_gmt":"2024-09-25T20:21:03","guid":{"rendered":"https:\/\/www.aktifinternational.com\/ro\/?page_id=9809"},"modified":"2025-01-03T10:34:03","modified_gmt":"2025-01-03T07:34:03","slug":"informatii-de-plata","status":"publish","type":"page","link":"https:\/\/www.aktifinternational.com\/ro\/informatii-de-plata\/","title":{"rendered":"Informa\u021bii de plat\u0103"},"content":{"rendered":"\t\t<div data-elementor-type=\"wp-page\" data-elementor-id=\"9809\" class=\"elementor elementor-9809\" data-elementor-post-type=\"page\">\n\t\t\t\t<div class=\"elementor-element elementor-element-3dd9c83 e-flex e-con-boxed e-con e-parent\" data-id=\"3dd9c83\" data-element_type=\"container\" data-settings=\"{&quot;background_background&quot;:&quot;classic&quot;}\">\n\t\t\t\t\t<div class=\"e-con-inner\">\n\t\t<div class=\"elementor-element elementor-element-881b2bb e-flex e-con-boxed e-con e-child\" data-id=\"881b2bb\" data-element_type=\"container\">\n\t\t\t\t\t<div class=\"e-con-inner\">\n\t\t\t\t<div class=\"elementor-element elementor-element-afeb9d4 elementor-widget elementor-widget-heading\" data-id=\"afeb9d4\" data-element_type=\"widget\" data-widget_type=\"heading.default\">\n\t\t\t\t<div class=\"elementor-widget-container\">\n\t\t\t<h2 class=\"elementor-heading-title elementor-size-default\">Informa\u021bii de plat\u0103<\/h2>\t\t<\/div>\n\t\t\t\t<\/div>\n\t\t\t\t\t<\/div>\n\t\t\t\t<\/div>\n\t\t\t\t\t<\/div>\n\t\t\t\t<\/div>\n\t\t<div class=\"elementor-element elementor-element-af6e2d6 e-flex e-con-boxed e-con e-parent\" data-id=\"af6e2d6\" data-element_type=\"container\">\n\t\t\t\t\t<div class=\"e-con-inner\">\n\t\t\t\t<div class=\"elementor-element elementor-element-c0b0064 elementor-widget elementor-widget-heading\" data-id=\"c0b0064\" data-element_type=\"widget\" data-widget_type=\"heading.default\">\n\t\t\t\t<div class=\"elementor-widget-container\">\n\t\t\t<h2 class=\"elementor-heading-title elementor-size-default\">Pute\u021bi pl\u0103ti utiliz\u00e2nd acest buton<\/h2>\t\t<\/div>\n\t\t\t\t<\/div>\n\t\t\t\t<div class=\"elementor-element elementor-element-b8f7de9 elementor-mobile-align-justify elementor-widget elementor-widget-button\" data-id=\"b8f7de9\" data-element_type=\"widget\" data-widget_type=\"button.default\">\n\t\t\t\t<div class=\"elementor-widget-container\">\n\t\t\t\t\t<div class=\"elementor-button-wrapper\">\n\t\t\t<a class=\"elementor-button elementor-button-link elementor-size-sm\" href=\"https:\/\/app.sipay.com.tr\/dplLink\/3ms8B8f2\/en\" target=\"_blank\" rel=\"noopener\">\n\t\t\t\t\t\t<span class=\"elementor-button-content-wrapper\">\n\t\t\t\t\t\t\t\t\t<span class=\"elementor-button-text\">Pl\u0103ti\u021bi Acum<\/span>\n\t\t\t\t\t<\/span>\n\t\t\t\t\t<\/a>\n\t\t<\/div>\n\t\t\t\t<\/div>\n\t\t\t\t<\/div>\n\t\t\t\t\t<\/div>\n\t\t\t\t<\/div>\n\t\t<div class=\"elementor-element elementor-element-3ffec0f e-flex e-con-boxed e-con e-parent\" data-id=\"3ffec0f\" data-element_type=\"container\">\n\t\t\t\t\t<div class=\"e-con-inner\">\n\t\t\t\t<div class=\"elementor-element elementor-element-5c3455b elementor-widget-divider--view-line elementor-widget elementor-widget-divider\" data-id=\"5c3455b\" data-element_type=\"widget\" data-widget_type=\"divider.default\">\n\t\t\t\t<div class=\"elementor-widget-container\">\n\t\t\t\t\t<div class=\"elementor-divider\">\n\t\t\t<span class=\"elementor-divider-separator\">\n\t\t\t\t\t\t<\/span>\n\t\t<\/div>\n\t\t\t\t<\/div>\n\t\t\t\t<\/div>\n\t\t\t\t\t<\/div>\n\t\t\t\t<\/div>\n\t\t<div class=\"elementor-element elementor-element-a1c1f06 e-flex e-con-boxed e-con e-parent\" data-id=\"a1c1f06\" data-element_type=\"container\">\n\t\t\t\t\t<div class=\"e-con-inner\">\n\t\t<div class=\"elementor-element elementor-element-ad25abd e-con-full e-flex e-con e-child\" data-id=\"ad25abd\" data-element_type=\"container\" data-settings=\"{&quot;background_background&quot;:&quot;classic&quot;}\">\n\t\t\t\t<div class=\"elementor-element elementor-element-0a4d351 elementor-widget__width-initial elementor-widget elementor-widget-image\" data-id=\"0a4d351\" data-element_type=\"widget\" data-widget_type=\"image.default\">\n\t\t\t\t<div class=\"elementor-widget-container\">\n\t\t\t\t\t\t\t\t\t\t\t\t\t<img fetchpriority=\"high\" decoding=\"async\" width=\"495\" height=\"341\" src=\"https:\/\/www.aktifinternational.com\/ro\/wp-content\/uploads\/2024\/09\/zb_logo.jpg\" class=\"attachment-full size-full wp-image-9841\" alt=\"\" srcset=\"https:\/\/www.aktifinternational.com\/ro\/wp-content\/uploads\/2024\/09\/zb_logo.jpg 495w, https:\/\/www.aktifinternational.com\/ro\/wp-content\/uploads\/2024\/09\/zb_logo-300x207.jpg 300w\" sizes=\"(max-width: 495px) 100vw, 495px\" \/>\t\t\t\t\t\t\t\t\t\t\t\t\t<\/div>\n\t\t\t\t<\/div>\n\t\t\t\t<div class=\"elementor-element elementor-element-a17c96c elementor-widget elementor-widget-heading\" data-id=\"a17c96c\" data-element_type=\"widget\" data-widget_type=\"heading.default\">\n\t\t\t\t<div class=\"elementor-widget-container\">\n\t\t\t<h1 class=\"elementor-heading-title elementor-size-default\">USD Account Details\n<\/h1>\t\t<\/div>\n\t\t\t\t<\/div>\n\t\t\t\t<div class=\"elementor-element elementor-element-4d16186 elementor-widget elementor-widget-text-editor\" data-id=\"4d16186\" data-element_type=\"widget\" data-widget_type=\"text-editor.default\">\n\t\t\t\t<div class=\"elementor-widget-container\">\n\t\t\t\t\t\t\t<p><strong>Bank Name:<\/strong> Ziraat Bank<\/p><p><strong>Account Holder:<\/strong> Yns Saglik Hizmetleri<br \/><strong>Bank Branch:<\/strong> Uskudar\/Istanbul<br \/><strong>IBAN:<\/strong> TR 9600 0100 0403 7025 8810 5005<br \/><strong>SWIFT\u00a0Code:<\/strong>\u00a0TCZBTR2A<\/p>\t\t\t\t\t\t<\/div>\n\t\t\t\t<\/div>\n\t\t\t\t<\/div>\n\t\t<div class=\"elementor-element elementor-element-f24079f e-con-full e-flex e-con e-child\" data-id=\"f24079f\" data-element_type=\"container\" data-settings=\"{&quot;background_background&quot;:&quot;classic&quot;}\">\n\t\t\t\t<div class=\"elementor-element elementor-element-5fa3836 elementor-widget__width-initial elementor-widget elementor-widget-image\" data-id=\"5fa3836\" data-element_type=\"widget\" data-widget_type=\"image.default\">\n\t\t\t\t<div class=\"elementor-widget-container\">\n\t\t\t\t\t\t\t\t\t\t\t\t\t<img fetchpriority=\"high\" decoding=\"async\" width=\"495\" height=\"341\" src=\"https:\/\/www.aktifinternational.com\/ro\/wp-content\/uploads\/2024\/09\/zb_logo.jpg\" class=\"attachment-full size-full wp-image-9841\" alt=\"\" srcset=\"https:\/\/www.aktifinternational.com\/ro\/wp-content\/uploads\/2024\/09\/zb_logo.jpg 495w, https:\/\/www.aktifinternational.com\/ro\/wp-content\/uploads\/2024\/09\/zb_logo-300x207.jpg 300w\" sizes=\"(max-width: 495px) 100vw, 495px\" \/>\t\t\t\t\t\t\t\t\t\t\t\t\t<\/div>\n\t\t\t\t<\/div>\n\t\t\t\t<div class=\"elementor-element elementor-element-54115e2 elementor-widget elementor-widget-heading\" data-id=\"54115e2\" data-element_type=\"widget\" data-widget_type=\"heading.default\">\n\t\t\t\t<div class=\"elementor-widget-container\">\n\t\t\t<h1 class=\"elementor-heading-title elementor-size-default\">EURO Account Details<\/h1>\t\t<\/div>\n\t\t\t\t<\/div>\n\t\t\t\t<div class=\"elementor-element elementor-element-66e03e0 elementor-widget elementor-widget-text-editor\" data-id=\"66e03e0\" data-element_type=\"widget\" data-widget_type=\"text-editor.default\">\n\t\t\t\t<div class=\"elementor-widget-container\">\n\t\t\t\t\t\t\t<p><strong>Bank Name:<\/strong> Ziraat Bank<\/p><p><strong>Account Holder:<\/strong> Yns Saglik Hizmetleri<br \/><strong>Bank Branch:<\/strong> Uskudar\/Istanbul<br \/><strong>\u0130ban:<\/strong> TR 4200 0100 0403 7025 8810 5007<br \/><strong>SWIFT Code\u00a0:<\/strong>\u00a0TCZBTR2A<\/p>\t\t\t\t\t\t<\/div>\n\t\t\t\t<\/div>\n\t\t\t\t<\/div>\n\t\t\t\t\t<\/div>\n\t\t\t\t<\/div>\n\t\t<div class=\"elementor-element elementor-element-9aa9466 e-flex e-con-boxed e-con e-parent\" data-id=\"9aa9466\" data-element_type=\"container\">\n\t\t\t\t\t<div class=\"e-con-inner\">\n\t\t<div class=\"elementor-element elementor-element-d6532b8 e-con-full e-flex e-con e-child\" data-id=\"d6532b8\" data-element_type=\"container\" data-settings=\"{&quot;background_background&quot;:&quot;classic&quot;}\">\n\t\t\t\t<div class=\"elementor-element elementor-element-a6f845d elementor-widget__width-initial elementor-widget elementor-widget-image\" data-id=\"a6f845d\" data-element_type=\"widget\" data-widget_type=\"image.default\">\n\t\t\t\t<div class=\"elementor-widget-container\">\n\t\t\t\t\t\t\t\t\t\t\t\t\t<img fetchpriority=\"high\" decoding=\"async\" width=\"495\" height=\"341\" src=\"https:\/\/www.aktifinternational.com\/ro\/wp-content\/uploads\/2024\/09\/zb_logo.jpg\" class=\"attachment-full size-full wp-image-9841\" alt=\"\" srcset=\"https:\/\/www.aktifinternational.com\/ro\/wp-content\/uploads\/2024\/09\/zb_logo.jpg 495w, https:\/\/www.aktifinternational.com\/ro\/wp-content\/uploads\/2024\/09\/zb_logo-300x207.jpg 300w\" sizes=\"(max-width: 495px) 100vw, 495px\" \/>\t\t\t\t\t\t\t\t\t\t\t\t\t<\/div>\n\t\t\t\t<\/div>\n\t\t\t\t<div class=\"elementor-element elementor-element-95c453c elementor-widget elementor-widget-heading\" data-id=\"95c453c\" data-element_type=\"widget\" data-widget_type=\"heading.default\">\n\t\t\t\t<div class=\"elementor-widget-container\">\n\t\t\t<h1 class=\"elementor-heading-title elementor-size-default\">CAD Account Details<\/h1>\t\t<\/div>\n\t\t\t\t<\/div>\n\t\t\t\t<div class=\"elementor-element elementor-element-a02fe72 elementor-widget elementor-widget-text-editor\" data-id=\"a02fe72\" data-element_type=\"widget\" data-widget_type=\"text-editor.default\">\n\t\t\t\t<div class=\"elementor-widget-container\">\n\t\t\t\t\t\t\t<p><strong>Bank Name:<\/strong> Ziraat Bank<\/p><p><strong>Account Holder:<\/strong> Yns Saglik Hizmetleri<br \/><strong>Bank Branch:<\/strong> Uskudar\/Istanbul<br \/><strong>IBAN:<\/strong> TR 7300 0100 0403 7025 8810 5031<br \/><strong>SWIFT\u00a0Code:<\/strong>\u00a0TCZBTR2A<\/p>\t\t\t\t\t\t<\/div>\n\t\t\t\t<\/div>\n\t\t\t\t<\/div>\n\t\t<div class=\"elementor-element elementor-element-cc7473f e-con-full e-flex e-con e-child\" data-id=\"cc7473f\" data-element_type=\"container\" data-settings=\"{&quot;background_background&quot;:&quot;classic&quot;}\">\n\t\t\t\t<div class=\"elementor-element elementor-element-ecc8eb0 elementor-widget__width-initial elementor-widget elementor-widget-image\" data-id=\"ecc8eb0\" data-element_type=\"widget\" data-widget_type=\"image.default\">\n\t\t\t\t<div class=\"elementor-widget-container\">\n\t\t\t\t\t\t\t\t\t\t\t\t\t<img fetchpriority=\"high\" decoding=\"async\" width=\"495\" height=\"341\" src=\"https:\/\/www.aktifinternational.com\/ro\/wp-content\/uploads\/2024\/09\/zb_logo.jpg\" class=\"attachment-full size-full wp-image-9841\" alt=\"\" srcset=\"https:\/\/www.aktifinternational.com\/ro\/wp-content\/uploads\/2024\/09\/zb_logo.jpg 495w, https:\/\/www.aktifinternational.com\/ro\/wp-content\/uploads\/2024\/09\/zb_logo-300x207.jpg 300w\" sizes=\"(max-width: 495px) 100vw, 495px\" \/>\t\t\t\t\t\t\t\t\t\t\t\t\t<\/div>\n\t\t\t\t<\/div>\n\t\t\t\t<div class=\"elementor-element elementor-element-3286642 elementor-widget elementor-widget-heading\" data-id=\"3286642\" data-element_type=\"widget\" data-widget_type=\"heading.default\">\n\t\t\t\t<div class=\"elementor-widget-container\">\n\t\t\t<h1 class=\"elementor-heading-title elementor-size-default\">AUD Account Details<\/h1>\t\t<\/div>\n\t\t\t\t<\/div>\n\t\t\t\t<div class=\"elementor-element elementor-element-f7e64a5 elementor-widget elementor-widget-text-editor\" data-id=\"f7e64a5\" data-element_type=\"widget\" data-widget_type=\"text-editor.default\">\n\t\t\t\t<div class=\"elementor-widget-container\">\n\t\t\t\t\t\t\t<p><strong>Bank Name:<\/strong> Ziraat Bank<\/p><p><strong>Account Holder:<\/strong> Yns Saglik Hizmetleri<br \/><strong>Bank Branch:<\/strong> Uskudar\/Istanbul<br \/><strong>\u0130ban:<\/strong> TR 0300 0100 0403 7025 8810 5030<br \/><strong>SWIFT Code\u00a0:<\/strong>\u00a0TCZBTR2A<\/p>\t\t\t\t\t\t<\/div>\n\t\t\t\t<\/div>\n\t\t\t\t<\/div>\n\t\t\t\t\t<\/div>\n\t\t\t\t<\/div>\n\t\t<div class=\"elementor-element elementor-element-e298312 e-flex e-con-boxed e-con e-parent\" data-id=\"e298312\" data-element_type=\"container\">\n\t\t\t\t\t<div class=\"e-con-inner\">\n\t\t<div class=\"elementor-element elementor-element-64fe320 e-con-full e-flex e-con e-child\" data-id=\"64fe320\" data-element_type=\"container\" data-settings=\"{&quot;background_background&quot;:&quot;classic&quot;}\">\n\t\t\t\t<div class=\"elementor-element elementor-element-4c31279 elementor-widget__width-initial elementor-widget elementor-widget-image\" data-id=\"4c31279\" data-element_type=\"widget\" data-widget_type=\"image.default\">\n\t\t\t\t<div class=\"elementor-widget-container\">\n\t\t\t\t\t\t\t\t\t\t\t\t\t<img fetchpriority=\"high\" decoding=\"async\" width=\"495\" height=\"341\" src=\"https:\/\/www.aktifinternational.com\/ro\/wp-content\/uploads\/2024\/09\/zb_logo.jpg\" class=\"attachment-full size-full wp-image-9841\" alt=\"\" srcset=\"https:\/\/www.aktifinternational.com\/ro\/wp-content\/uploads\/2024\/09\/zb_logo.jpg 495w, https:\/\/www.aktifinternational.com\/ro\/wp-content\/uploads\/2024\/09\/zb_logo-300x207.jpg 300w\" sizes=\"(max-width: 495px) 100vw, 495px\" \/>\t\t\t\t\t\t\t\t\t\t\t\t\t<\/div>\n\t\t\t\t<\/div>\n\t\t\t\t<div class=\"elementor-element elementor-element-bd81b72 elementor-widget elementor-widget-heading\" data-id=\"bd81b72\" data-element_type=\"widget\" data-widget_type=\"heading.default\">\n\t\t\t\t<div class=\"elementor-widget-container\">\n\t\t\t<h1 class=\"elementor-heading-title elementor-size-default\">GBP Account Details\n<\/h1>\t\t<\/div>\n\t\t\t\t<\/div>\n\t\t\t\t<div class=\"elementor-element elementor-element-2d605db elementor-widget elementor-widget-text-editor\" data-id=\"2d605db\" data-element_type=\"widget\" data-widget_type=\"text-editor.default\">\n\t\t\t\t<div class=\"elementor-widget-container\">\n\t\t\t\t\t\t\t<p><strong>Bank Name:<\/strong> Ziraat Bank<\/p><p><strong>Account Holder:<\/strong> Yns Saglik Hizmetleri<br \/><strong>Bank Branch:<\/strong> Uskudar\/Istanbul<br \/><strong>IBAN:<\/strong> TR 3100 0100 0403\u00a07025\u00a08810\u00a05011<br \/><strong>SWIFT\u00a0Code:<\/strong> TCZBTR2AXXX<\/p>\t\t\t\t\t\t<\/div>\n\t\t\t\t<\/div>\n\t\t\t\t<\/div>\n\t\t<div class=\"elementor-element elementor-element-b38ed04 e-con-full e-flex e-con e-child\" data-id=\"b38ed04\" data-element_type=\"container\">\n\t\t\t\t<\/div>\n\t\t\t\t\t<\/div>\n\t\t\t\t<\/div>\n\t\t\t\t<\/div>\n\t\t","protected":false},"excerpt":{"rendered":"<p>Informa\u021bii de plat\u0103 Pute\u021bi pl\u0103ti utiliz\u00e2nd acest buton Pl\u0103ti\u021bi Acum USD Account Details Bank Name: Ziraat Bank Account Holder: Yns Saglik HizmetleriBank Branch: Uskudar\/IstanbulIBAN: TR 9600 0100 0403 7025 8810 5005SWIFT\u00a0Code:\u00a0TCZBTR2A EURO Account Details Bank Name: Ziraat Bank Account Holder: Yns Saglik HizmetleriBank Branch: Uskudar\/Istanbul\u0130ban: TR 4200 0100 0403 7025 8810 5007SWIFT Code\u00a0:\u00a0TCZBTR2A CAD Account [&hellip;]<\/p>\n","protected":false},"author":5,"featured_media":0,"parent":0,"menu_order":0,"comment_status":"closed","ping_status":"closed","template":"elementor_header_footer","meta":{"footnotes":""},"class_list":["post-9809","page","type-page","status-publish","hentry"],"_links":{"self":[{"href":"https:\/\/www.aktifinternational.com\/ro\/wp-json\/wp\/v2\/pages\/9809","targetHints":{"allow":["GET"]}}],"collection":[{"href":"https:\/\/www.aktifinternational.com\/ro\/wp-json\/wp\/v2\/pages"}],"about":[{"href":"https:\/\/www.aktifinternational.com\/ro\/wp-json\/wp\/v2\/types\/page"}],"author":[{"embeddable":true,"href":"https:\/\/www.aktifinternational.com\/ro\/wp-json\/wp\/v2\/users\/5"}],"replies":[{"embeddable":true,"href":"https:\/\/www.aktifinternational.com\/ro\/wp-json\/wp\/v2\/comments?post=9809"}],"version-history":[{"count":70,"href":"https:\/\/www.aktifinternational.com\/ro\/wp-json\/wp\/v2\/pages\/9809\/revisions"}],"predecessor-version":[{"id":11235,"href":"https:\/\/www.aktifinternational.com\/ro\/wp-json\/wp\/v2\/pages\/9809\/revisions\/11235"}],"wp:attachment":[{"href":"https:\/\/www.aktifinternational.com\/ro\/wp-json\/wp\/v2\/media?parent=9809"}],"curies":[{"name":"wp","href":"https:\/\/api.w.org\/{rel}","templated":true}]}}