{"id":4463,"date":"2024-03-11T16:37:48","date_gmt":"2024-03-11T13:37:48","guid":{"rendered":"https:\/\/www.aktifinternational.com\/ro\/?page_id=4463"},"modified":"2024-11-27T11:11:29","modified_gmt":"2024-11-27T08:11:29","slug":"despre-noi","status":"publish","type":"page","link":"https:\/\/www.aktifinternational.com\/ro\/despre-noi\/","title":{"rendered":"Despre Noi"},"content":{"rendered":"<h2><strong>Despre Noi<\/strong><\/h2>\n<p>Aktif International ofer\u0103 pacien\u021bilor s\u0103i metode moderne \u0219i \u0219tiin\u021bifice de tratament la nivel interna\u021bional, cu scopul de a oferi cele mai bune servicii prin abordarea sa centrat\u0103 pe pacient \u00een domeniul s\u0103n\u0103t\u0103\u021bii. Aktif International a devenit una dintre cele mai importante organiza\u021bii de s\u0103n\u0103tate din regiunea Marmara prin \u00eencorporarea a cinci spitale diferite de-a lungul timpului, cu abordarea sa bazat\u0103 pe \u00eencredere, z\u00e2mbet \u0219i satisfac\u021bia pacien\u021bilor.<\/p>\n<p>C\u0103l\u0103toria grupului de spitale Aktif International a \u00eenceput cu \u00eenfiin\u021barea spitalului privat Yalova Uzmanlar \u00een 1999. A continuat \u00een 2010 cu participarea spitalului privat Yalova Aktif \u0219i apoi a celui de-al treilea spital al nostru, care a fost \u00eenfiin\u021bat \u00een 1998 sub numele de Yunus Emre Hospital \u0219i redenumit H\u00fcrrem Sultan Hospital \u00een 2020. Private Kocaeli Hospital, \u00eenfiin\u021bat \u00een 2009, a fost redenumit Private Aktif Kocaeli Hospital \u00een 2021, iar Vital Hospital din Bah\u00e7elievler, Istanbul, s-a al\u0103turat grupului \u00een 2022. Odat\u0103 cu participarea acestor ultime dou\u0103 spitale, un total de 5 spitale au fost aduse sub o singur\u0103 umbrel\u0103 \u00een 2023, sub numele de Aktif International.<\/p>\n<p>Aktif International ofer\u0103 pacien\u021bilor s\u0103i servicii medicale de \u00eencredere \u0219i de \u00eenalt\u0103 calitate, cu o armat\u0103 medical\u0103 de aproximativ 2000 de persoane \u00een toate spitalele \u0219i clinicile sale, cu toat\u0103 infrastructura tehnologic\u0103 \u0219i abordarea modern\u0103 a tratamentului cerute de medicina modern\u0103, cu echipe de profesioni\u0219ti specializate fiecare \u00een domeniul s\u0103u. Aktif International, care a devenit un juc\u0103tor important la nivel mondial prin viziunea sa asupra turismului de s\u0103n\u0103tate \u0219i continu\u0103 s\u0103 investeasc\u0103, reprezint\u0103 cu m\u00e2ndrie Turcia pe platformele interna\u021bionale.<\/p>\n<p><iframe title=\"Aktif International Hospital\" src=\"https:\/\/www.youtube.com\/embed\/FN1JsmK8iIc\" width=\"100%\" height=\"539\" frameborder=\"0\" allowfullscreen=\"allowfullscreen\"><\/iframe><\/p>\n","protected":false},"excerpt":{"rendered":"<p>Despre Noi Aktif International ofer\u0103 pacien\u021bilor s\u0103i metode moderne \u0219i \u0219tiin\u021bifice de tratament la nivel interna\u021bional, cu scopul de a oferi cele mai bune servicii prin abordarea sa centrat\u0103 pe pacient \u00een domeniul s\u0103n\u0103t\u0103\u021bii. Aktif International a devenit una dintre cele mai importante organiza\u021bii de s\u0103n\u0103tate din regiunea Marmara prin \u00eencorporarea a cinci spitale diferite [&hellip;]<\/p>\n","protected":false},"author":1,"featured_media":0,"parent":0,"menu_order":0,"comment_status":"closed","ping_status":"closed","template":"","meta":{"footnotes":""},"class_list":["post-4463","page","type-page","status-publish","hentry"],"_links":{"self":[{"href":"https:\/\/www.aktifinternational.com\/ro\/wp-json\/wp\/v2\/pages\/4463","targetHints":{"allow":["GET"]}}],"collection":[{"href":"https:\/\/www.aktifinternational.com\/ro\/wp-json\/wp\/v2\/pages"}],"about":[{"href":"https:\/\/www.aktifinternational.com\/ro\/wp-json\/wp\/v2\/types\/page"}],"author":[{"embeddable":true,"href":"https:\/\/www.aktifinternational.com\/ro\/wp-json\/wp\/v2\/users\/1"}],"replies":[{"embeddable":true,"href":"https:\/\/www.aktifinternational.com\/ro\/wp-json\/wp\/v2\/comments?post=4463"}],"version-history":[{"count":6,"href":"https:\/\/www.aktifinternational.com\/ro\/wp-json\/wp\/v2\/pages\/4463\/revisions"}],"predecessor-version":[{"id":11071,"href":"https:\/\/www.aktifinternational.com\/ro\/wp-json\/wp\/v2\/pages\/4463\/revisions\/11071"}],"wp:attachment":[{"href":"https:\/\/www.aktifinternational.com\/ro\/wp-json\/wp\/v2\/media?parent=4463"}],"curies":[{"name":"wp","href":"https:\/\/api.w.org\/{rel}","templated":true}]}}