{"id":12272,"date":"2025-12-02T11:04:21","date_gmt":"2025-12-02T08:04:21","guid":{"rendered":"https:\/\/www.aktifinternational.com\/ro\/?page_id=12272"},"modified":"2025-12-02T11:04:21","modified_gmt":"2025-12-02T08:04:21","slug":"kocaeli-indicatii-rutiere","status":"publish","type":"page","link":"https:\/\/www.aktifinternational.com\/ro\/kocaeli-indicatii-rutiere\/","title":{"rendered":"Indica\u021bii rutiere"},"content":{"rendered":"<h2>Indica\u021bii rutiere Aktif International Kocaeli<\/h2>\n<p>Rutele pe care le pute\u021bi urma pentru a ajunge la spitalul nostru din diverse loca\u021bii sunt urm\u0103toarele.<\/p>\n<p><strong>Transport de la Aeroportul Sabiha G\u00f6k\u00e7en:<\/strong><\/p>\n<p>Mai \u00eent\u00e2i trebuie s\u0103 c\u0103l\u0103tori\u021bi de la Istanbul la Kocaeli\/\u0130zmit cu autobuzul\/autobuzul cu plecare de la Aeroportul Sabiha G\u00f6k\u00e7en.<br \/>\nPute\u021bi ajunge la spital din \u0130zmit cu microbuzul\/autobuzul spre Ba\u015fiskele sau cu taxiul.<\/p>\n<p><strong>Transport de la Gara \u0130zmit:<\/strong><\/p>\n<p>Dup\u0103 debarcarea \u00een Gara \u0130zmit, pute\u021bi lua un taxi comun, un microbuz sau un autobuz spre Ba\u015fiskele \u0219i Yenik\u00f6y.<br \/>\nAlternativ, un taxi poate fi convenabil; c\u0103l\u0103toria de la \u0130zmit la Ba\u015fiskele poate fi mai confortabil\u0103 dec\u00e2t transportul public \u0219i mersul pe jos.<\/p>\n<p><strong>Transport de la Autogara \u0219i Terminalul \u0130zmit:<\/strong><\/p>\n<p>De la Autogara \u0130zmit, pute\u021bi ajunge la Ba\u015fiskele cu microbuzul sau taxiul comun de la Ba\u015fiskele la Yenik\u00f6y. C\u00e2nd ajunge\u021bi \u00een Ba\u015fiskele, specifica\u021bi adresa \u201eYenik\u00f6y TeknoPark\u201d sau a spitalului \u0219i cere\u021bi s\u0103 v\u0103 duc\u0103. Luarea unui taxi ar putea fi mai convenabil\u0103.<\/p>\n","protected":false},"excerpt":{"rendered":"<p>Indica\u021bii rutiere Aktif International Kocaeli Rutele pe care le pute\u021bi urma pentru a ajunge la spitalul nostru din diverse loca\u021bii sunt urm\u0103toarele. Transport de la Aeroportul Sabiha G\u00f6k\u00e7en: Mai \u00eent\u00e2i trebuie s\u0103 c\u0103l\u0103tori\u021bi de la Istanbul la Kocaeli\/\u0130zmit cu autobuzul\/autobuzul cu plecare de la Aeroportul Sabiha G\u00f6k\u00e7en. Pute\u021bi ajunge la spital din \u0130zmit cu microbuzul\/autobuzul [&hellip;]<\/p>\n","protected":false},"author":4,"featured_media":0,"parent":0,"menu_order":0,"comment_status":"closed","ping_status":"closed","template":"","meta":{"footnotes":""},"class_list":["post-12272","page","type-page","status-publish","hentry"],"_links":{"self":[{"href":"https:\/\/www.aktifinternational.com\/ro\/wp-json\/wp\/v2\/pages\/12272","targetHints":{"allow":["GET"]}}],"collection":[{"href":"https:\/\/www.aktifinternational.com\/ro\/wp-json\/wp\/v2\/pages"}],"about":[{"href":"https:\/\/www.aktifinternational.com\/ro\/wp-json\/wp\/v2\/types\/page"}],"author":[{"embeddable":true,"href":"https:\/\/www.aktifinternational.com\/ro\/wp-json\/wp\/v2\/users\/4"}],"replies":[{"embeddable":true,"href":"https:\/\/www.aktifinternational.com\/ro\/wp-json\/wp\/v2\/comments?post=12272"}],"version-history":[{"count":2,"href":"https:\/\/www.aktifinternational.com\/ro\/wp-json\/wp\/v2\/pages\/12272\/revisions"}],"predecessor-version":[{"id":12274,"href":"https:\/\/www.aktifinternational.com\/ro\/wp-json\/wp\/v2\/pages\/12272\/revisions\/12274"}],"wp:attachment":[{"href":"https:\/\/www.aktifinternational.com\/ro\/wp-json\/wp\/v2\/media?parent=12272"}],"curies":[{"name":"wp","href":"https:\/\/api.w.org\/{rel}","templated":true}]}}