{"id":4463,"date":"2024-03-11T16:37:48","date_gmt":"2024-03-11T13:37:48","guid":{"rendered":"https:\/\/www.aktifinternational.com\/fr\/?page_id=4463"},"modified":"2024-11-27T11:05:39","modified_gmt":"2024-11-27T08:05:39","slug":"a-propos-de-nous","status":"publish","type":"page","link":"https:\/\/www.aktifinternational.com\/fr\/a-propos-de-nous\/","title":{"rendered":"\u00c0 Propos de Nous"},"content":{"rendered":"<h2><strong>\u00c0 Propos de Nous<\/strong><\/h2>\n<p>Aktif International propose des m\u00e9thodes de traitement modernes et scientifiques \u00e0 ses patients au niveau international, dans le but de fournir le meilleur service gr\u00e2ce \u00e0 son approche centr\u00e9e sur le patient dans le domaine de la sant\u00e9. Aktif International est devenu l&#8217;une des principales organisations de soins de sant\u00e9 de la r\u00e9gion de Marmara en int\u00e9grant cinq h\u00f4pitaux diff\u00e9rents au fil du temps, avec une approche bas\u00e9e sur la confiance, le sourire et la satisfaction des patients.<\/p>\n<p>Le parcours du groupe d&#8217;h\u00f4pitaux Aktif International a commenc\u00e9 avec la cr\u00e9ation de l&#8217;h\u00f4pital priv\u00e9 Yalova Uzmanlar en 1999. Il s&#8217;est poursuivi en 2010 avec la participation de l&#8217;h\u00f4pital priv\u00e9 Yalova Aktif, puis de notre troisi\u00e8me h\u00f4pital, cr\u00e9\u00e9 en 1998 sous le nom d&#8217;h\u00f4pital Yunus Emre et rebaptis\u00e9 h\u00f4pital H\u00fcrrem Sultan en 2020. L&#8217;h\u00f4pital priv\u00e9 Kocaeli, cr\u00e9\u00e9 en 2009, a \u00e9t\u00e9 rebaptis\u00e9 h\u00f4pital priv\u00e9 Aktif Kocaeli en 2021, et l&#8217;h\u00f4pital Vital de Bah\u00e7elievler, \u00e0 Istanbul, a rejoint le groupe en 2022. Avec la participation de ces deux derniers h\u00f4pitaux, un total de 5 h\u00f4pitaux ont \u00e9t\u00e9 regroup\u00e9s en 2023 sous le nom d&#8217;Aktif International.<\/p>\n<p>Aktif International fournit des services de sant\u00e9 fiables et de haute qualit\u00e9 \u00e0 ses patients avec une arm\u00e9e m\u00e9dicale d&#8217;environ 2000 personnes dans tous ses h\u00f4pitaux et cliniques, avec toute l&#8217;infrastructure technologique et l&#8217;approche de traitement moderne requise par la m\u00e9decine moderne, avec des \u00e9quipes professionnelles chacune sp\u00e9cialis\u00e9e dans son propre domaine. Aktif International, qui est devenu un acteur important \u00e0 l&#8217;\u00e9chelle mondiale gr\u00e2ce \u00e0 sa vision du tourisme de sant\u00e9 et continue d&#8217;investir, repr\u00e9sente fi\u00e8rement la Turquie sur les plateformes internationales.<\/p>\n","protected":false},"excerpt":{"rendered":"<p>\u00c0 Propos de Nous Aktif International propose des m\u00e9thodes de traitement modernes et scientifiques \u00e0 ses patients au niveau international, dans le but de fournir le meilleur service gr\u00e2ce \u00e0 son approche centr\u00e9e sur le patient dans le domaine de la sant\u00e9. Aktif International est devenu l&#8217;une des principales organisations de soins de sant\u00e9 de [&hellip;]<\/p>\n","protected":false},"author":1,"featured_media":0,"parent":0,"menu_order":0,"comment_status":"closed","ping_status":"closed","template":"","meta":{"footnotes":""},"class_list":["post-4463","page","type-page","status-publish","hentry"],"_links":{"self":[{"href":"https:\/\/www.aktifinternational.com\/fr\/wp-json\/wp\/v2\/pages\/4463","targetHints":{"allow":["GET"]}}],"collection":[{"href":"https:\/\/www.aktifinternational.com\/fr\/wp-json\/wp\/v2\/pages"}],"about":[{"href":"https:\/\/www.aktifinternational.com\/fr\/wp-json\/wp\/v2\/types\/page"}],"author":[{"embeddable":true,"href":"https:\/\/www.aktifinternational.com\/fr\/wp-json\/wp\/v2\/users\/1"}],"replies":[{"embeddable":true,"href":"https:\/\/www.aktifinternational.com\/fr\/wp-json\/wp\/v2\/comments?post=4463"}],"version-history":[{"count":6,"href":"https:\/\/www.aktifinternational.com\/fr\/wp-json\/wp\/v2\/pages\/4463\/revisions"}],"predecessor-version":[{"id":8902,"href":"https:\/\/www.aktifinternational.com\/fr\/wp-json\/wp\/v2\/pages\/4463\/revisions\/8902"}],"wp:attachment":[{"href":"https:\/\/www.aktifinternational.com\/fr\/wp-json\/wp\/v2\/media?parent=4463"}],"curies":[{"name":"wp","href":"https:\/\/api.w.org\/{rel}","templated":true}]}}