{"id":10139,"date":"2025-12-02T10:47:30","date_gmt":"2025-12-02T07:47:30","guid":{"rendered":"https:\/\/www.aktifinternational.com\/fr\/?page_id=10139"},"modified":"2025-12-02T10:57:17","modified_gmt":"2025-12-02T07:57:17","slug":"kocaeli-hospital-itineraire","status":"publish","type":"page","link":"https:\/\/www.aktifinternational.com\/fr\/kocaeli-hospital-itineraire\/","title":{"rendered":"Itin\u00e9raire"},"content":{"rendered":"<h2>Aktif International Kocaeli\u00a0: Itin\u00e9raire<\/h2>\n<p>Voici les itin\u00e9raires possibles pour rejoindre notre h\u00f4pital depuis diff\u00e9rents points de d\u00e9part.<\/p>\n<p><strong>Transport depuis l\u2019a\u00e9roport Sabiha G\u00f6k\u00e7en\u00a0:<\/strong><\/p>\n<p>Vous devez d\u2019abord vous rendre d\u2019Istanbul \u00e0 Kocaeli\/\u0130zmit en bus ou navette depuis l\u2019a\u00e9roport Sabiha G\u00f6k\u00e7en.<\/p>\n<p>Depuis \u0130zmit, vous pouvez rejoindre l\u2019h\u00f4pital en minibus ou en bus en direction de Ba\u015fiskele, ou en taxi.<\/p>\n<p><strong>Transport depuis la gare d\u2019\u0130zmit\u00a0:<\/strong><\/p>\n<p>\u00c0 votre arriv\u00e9e \u00e0 la gare d\u2019\u0130zmit, vous pouvez prendre un taxi collectif, un minibus ou un bus en direction de Ba\u015fiskele et Yenik\u00f6y.<\/p>\n<p>Le taxi peut \u00e9galement \u00eatre une option pratique\u00a0; le trajet d\u2019\u0130zmit \u00e0 Ba\u015fiskele est souvent plus confortable que les transports en commun ou la marche.<\/p>\n<p><strong>Transports depuis la gare routi\u00e8re et le terminal d&#8217;\u0130zmit\u00a0:<\/strong><\/p>\n<p>Depuis la gare routi\u00e8re d&#8217;\u0130zmit, vous pouvez rejoindre Ba\u015fiskele en minibus ou en taxi collectif jusqu&#8217;\u00e0 Yenik\u00f6y. \u00c0 votre arriv\u00e9e \u00e0 Ba\u015fiskele, indiquez l&#8217;adresse de \u00ab\u00a0Yenik\u00f6y TeknoPark\u00a0\u00bb ou de l&#8217;h\u00f4pital et demandez \u00e0 \u00eatre d\u00e9pos\u00e9. Prendre un taxi peut s&#8217;av\u00e9rer plus pratique.<\/p>\n","protected":false},"excerpt":{"rendered":"<p>Aktif International Kocaeli\u00a0: Itin\u00e9raire Voici les itin\u00e9raires possibles pour rejoindre notre h\u00f4pital depuis diff\u00e9rents points de d\u00e9part. Transport depuis l\u2019a\u00e9roport Sabiha G\u00f6k\u00e7en\u00a0: Vous devez d\u2019abord vous rendre d\u2019Istanbul \u00e0 Kocaeli\/\u0130zmit en bus ou navette depuis l\u2019a\u00e9roport Sabiha G\u00f6k\u00e7en. Depuis \u0130zmit, vous pouvez rejoindre l\u2019h\u00f4pital en minibus ou en bus en direction de Ba\u015fiskele, ou en [&hellip;]<\/p>\n","protected":false},"author":4,"featured_media":0,"parent":0,"menu_order":0,"comment_status":"closed","ping_status":"closed","template":"","meta":{"footnotes":""},"class_list":["post-10139","page","type-page","status-publish","hentry"],"_links":{"self":[{"href":"https:\/\/www.aktifinternational.com\/fr\/wp-json\/wp\/v2\/pages\/10139","targetHints":{"allow":["GET"]}}],"collection":[{"href":"https:\/\/www.aktifinternational.com\/fr\/wp-json\/wp\/v2\/pages"}],"about":[{"href":"https:\/\/www.aktifinternational.com\/fr\/wp-json\/wp\/v2\/types\/page"}],"author":[{"embeddable":true,"href":"https:\/\/www.aktifinternational.com\/fr\/wp-json\/wp\/v2\/users\/4"}],"replies":[{"embeddable":true,"href":"https:\/\/www.aktifinternational.com\/fr\/wp-json\/wp\/v2\/comments?post=10139"}],"version-history":[{"count":2,"href":"https:\/\/www.aktifinternational.com\/fr\/wp-json\/wp\/v2\/pages\/10139\/revisions"}],"predecessor-version":[{"id":10141,"href":"https:\/\/www.aktifinternational.com\/fr\/wp-json\/wp\/v2\/pages\/10139\/revisions\/10141"}],"wp:attachment":[{"href":"https:\/\/www.aktifinternational.com\/fr\/wp-json\/wp\/v2\/media?parent=10139"}],"curies":[{"name":"wp","href":"https:\/\/api.w.org\/{rel}","templated":true}]}}