{"id":4463,"date":"2024-03-11T16:37:48","date_gmt":"2024-03-11T13:37:48","guid":{"rendered":"https:\/\/www.aktifinternational.com\/es\/?page_id=4463"},"modified":"2024-11-27T11:08:00","modified_gmt":"2024-11-27T08:08:00","slug":"quienes-somos","status":"publish","type":"page","link":"https:\/\/www.aktifinternational.com\/es\/quienes-somos\/","title":{"rendered":"Qui\u00e9nes somos"},"content":{"rendered":"<h2><strong>Qui\u00e9nes somos<\/strong><\/h2>\n<p>Aktif International ofrece m\u00e9todos de tratamiento modernos y cient\u00edficos a sus pacientes a nivel internacional, con el objetivo de proporcionar el mejor servicio con su enfoque centrado en el paciente en el \u00e1mbito de la salud. Aktif International se ha convertido en una de las principales organizaciones sanitarias de la regi\u00f3n de M\u00e1rmara al incorporar a lo largo del tiempo cinco hospitales diferentes con su enfoque basado en la confianza, la cara sonriente y la satisfacci\u00f3n del paciente.<\/p>\n<p>La trayectoria del Grupo de Hospitales Aktif Internacional comenz\u00f3 con la creaci\u00f3n del Hospital Privado Yalova Uzmanlar en 1999. Continu\u00f3 en 2010 con la participaci\u00f3n del Hospital Privado Yalova Aktif y luego nuestro tercer hospital, que se estableci\u00f3 en 1998 con el nombre de Hospital Yunus Emre y pas\u00f3 a llamarse Hospital H\u00fcrrem Sultan en 2020. El Hospital Privado de Kocaeli, creado en 2009, pas\u00f3 a denominarse Hospital Privado Aktif Kocaeli en 2021, y el Hospital Vital de Bah\u00e7elievler (Estambul) se incorpor\u00f3 al grupo en 2022. Con la participaci\u00f3n de estos dos \u00faltimos hospitales, un total de 5 hospitales se unieron bajo un \u00fanico paraguas en 2023 con el nombre de Aktif Internacional.<\/p>\n<p>Aktif Internacional proporciona servicios sanitarios fiables y de alta calidad a sus pacientes con un ej\u00e9rcito m\u00e9dico de aproximadamente 2000 personas en todos sus hospitales y cl\u00ednicas, con toda la infraestructura tecnol\u00f3gica y el enfoque de tratamiento moderno que requiere la medicina moderna, con equipos profesionales especializados cada uno en su campo. Aktif International, que se ha convertido en un actor importante a escala mundial con su visi\u00f3n del turismo sanitario y sigue invirtiendo, representa con orgullo a Turqu\u00eda en las plataformas internacionales.<\/p>\n","protected":false},"excerpt":{"rendered":"<p>Qui\u00e9nes somos Aktif International ofrece m\u00e9todos de tratamiento modernos y cient\u00edficos a sus pacientes a nivel internacional, con el objetivo de proporcionar el mejor servicio con su enfoque centrado en el paciente en el \u00e1mbito de la salud. Aktif International se ha convertido en una de las principales organizaciones sanitarias de la regi\u00f3n de M\u00e1rmara [&hellip;]<\/p>\n","protected":false},"author":1,"featured_media":0,"parent":0,"menu_order":0,"comment_status":"closed","ping_status":"closed","template":"","meta":{"footnotes":""},"class_list":["post-4463","page","type-page","status-publish","hentry"],"_links":{"self":[{"href":"https:\/\/www.aktifinternational.com\/es\/wp-json\/wp\/v2\/pages\/4463","targetHints":{"allow":["GET"]}}],"collection":[{"href":"https:\/\/www.aktifinternational.com\/es\/wp-json\/wp\/v2\/pages"}],"about":[{"href":"https:\/\/www.aktifinternational.com\/es\/wp-json\/wp\/v2\/types\/page"}],"author":[{"embeddable":true,"href":"https:\/\/www.aktifinternational.com\/es\/wp-json\/wp\/v2\/users\/1"}],"replies":[{"embeddable":true,"href":"https:\/\/www.aktifinternational.com\/es\/wp-json\/wp\/v2\/comments?post=4463"}],"version-history":[{"count":6,"href":"https:\/\/www.aktifinternational.com\/es\/wp-json\/wp\/v2\/pages\/4463\/revisions"}],"predecessor-version":[{"id":10383,"href":"https:\/\/www.aktifinternational.com\/es\/wp-json\/wp\/v2\/pages\/4463\/revisions\/10383"}],"wp:attachment":[{"href":"https:\/\/www.aktifinternational.com\/es\/wp-json\/wp\/v2\/media?parent=4463"}],"curies":[{"name":"wp","href":"https:\/\/api.w.org\/{rel}","templated":true}]}}