{"id":11366,"date":"2025-12-02T10:50:46","date_gmt":"2025-12-02T07:50:46","guid":{"rendered":"https:\/\/www.aktifinternational.com\/es\/?page_id=11366"},"modified":"2025-12-02T10:50:46","modified_gmt":"2025-12-02T07:50:46","slug":"kocaeli-indicaciones","status":"publish","type":"page","link":"https:\/\/www.aktifinternational.com\/es\/kocaeli-indicaciones\/","title":{"rendered":"Indicaciones"},"content":{"rendered":"<h2>Indicaciones para llegar a Aktif International Kocaeli<\/h2>\n<p>Las rutas para llegar a nuestro hospital desde diferentes ubicaciones son las siguientes:<\/p>\n<p><strong>Transporte desde el Aeropuerto Sabiha G\u00f6k\u00e7en:<\/strong><\/p>\n<p>Primero debe viajar desde Estambul a Kocaeli\/\u0130zmit en autob\u00fas o lanzadera desde el Aeropuerto Sabiha G\u00f6k\u00e7en.<br \/>\nPuede llegar al hospital desde \u0130zmit en minib\u00fas o autob\u00fas con direcci\u00f3n a Ba\u015fiskele o en taxi.<\/p>\n<p><strong>Transporte desde la estaci\u00f3n de tren de \u0130zmit:<\/strong><\/p>\n<p>Despu\u00e9s de desembarcar en la estaci\u00f3n de tren de \u0130zmit, puede tomar un taxi compartido, un minib\u00fas o un autob\u00fas con direcci\u00f3n a Ba\u015fiskele y Yenik\u00f6y.<br \/>\nComo alternativa, un taxi puede ser conveniente; el viaje de \u0130zmit a Ba\u015fiskele es m\u00e1s c\u00f3modo que el transporte p\u00fablico y caminar.<\/p>\n<p><strong>Transporte desde la estaci\u00f3n y terminal de autobuses de \u0130zmit:<\/strong><\/p>\n<p>Desde la estaci\u00f3n de autobuses de \u0130zmit, puede llegar a Ba\u015fiskele en minib\u00fas o taxi compartido de Ba\u015fiskele a Yenik\u00f6y. Al llegar a Ba\u015fiskele, indique la direcci\u00f3n del &#8220;Yenik\u00f6y TeknoPark&#8221; o del hospital y solicite que le dejen. Tomar un taxi puede ser m\u00e1s conveniente.<\/p>\n","protected":false},"excerpt":{"rendered":"<p>Indicaciones para llegar a Aktif International Kocaeli Las rutas para llegar a nuestro hospital desde diferentes ubicaciones son las siguientes: Transporte desde el Aeropuerto Sabiha G\u00f6k\u00e7en: Primero debe viajar desde Estambul a Kocaeli\/\u0130zmit en autob\u00fas o lanzadera desde el Aeropuerto Sabiha G\u00f6k\u00e7en. Puede llegar al hospital desde \u0130zmit en minib\u00fas o autob\u00fas con direcci\u00f3n a [&hellip;]<\/p>\n","protected":false},"author":4,"featured_media":0,"parent":0,"menu_order":0,"comment_status":"closed","ping_status":"closed","template":"","meta":{"footnotes":""},"class_list":["post-11366","page","type-page","status-publish","hentry"],"_links":{"self":[{"href":"https:\/\/www.aktifinternational.com\/es\/wp-json\/wp\/v2\/pages\/11366","targetHints":{"allow":["GET"]}}],"collection":[{"href":"https:\/\/www.aktifinternational.com\/es\/wp-json\/wp\/v2\/pages"}],"about":[{"href":"https:\/\/www.aktifinternational.com\/es\/wp-json\/wp\/v2\/types\/page"}],"author":[{"embeddable":true,"href":"https:\/\/www.aktifinternational.com\/es\/wp-json\/wp\/v2\/users\/4"}],"replies":[{"embeddable":true,"href":"https:\/\/www.aktifinternational.com\/es\/wp-json\/wp\/v2\/comments?post=11366"}],"version-history":[{"count":2,"href":"https:\/\/www.aktifinternational.com\/es\/wp-json\/wp\/v2\/pages\/11366\/revisions"}],"predecessor-version":[{"id":11368,"href":"https:\/\/www.aktifinternational.com\/es\/wp-json\/wp\/v2\/pages\/11366\/revisions\/11368"}],"wp:attachment":[{"href":"https:\/\/www.aktifinternational.com\/es\/wp-json\/wp\/v2\/media?parent=11366"}],"curies":[{"name":"wp","href":"https:\/\/api.w.org\/{rel}","templated":true}]}}