{"id":12086,"date":"2026-03-17T14:55:05","date_gmt":"2026-03-17T11:55:05","guid":{"rendered":"https:\/\/www.aktifinternational.com\/en\/?page_id=12086"},"modified":"2026-03-17T14:55:05","modified_gmt":"2026-03-17T11:55:05","slug":"health-tourism-ciftlikkoy","status":"publish","type":"page","link":"https:\/\/www.aktifinternational.com\/en\/health-tourism-ciftlikkoy\/","title":{"rendered":"Health Tourism &#8211; \u00c7iftlikk\u00f6y"},"content":{"rendered":"<p><strong>Our account information is as follows:<\/strong><\/p>\n<p>Company Name: REON HEALTH SERVICES CONSTRUCTION TOURISM INDUSTRY AND TRADE INC.<\/p>\n<p>Tax Identification Number (TAN): 7340966973<\/p>\n<p>Address: \u00c7iftlik Mahallesi Kemer Caddesi No: 5 \u00c7iftlikk\u00f6y, 77600 Yalova Merkez\/Yalova<\/p>\n<p>E-mail: atop.oyh@gmail.com<\/p>\n<p>Telephone: 02263526666<\/p>\n<p>Tax Office: YALOVA<\/p>\n<p>EURO: Finansbank Yalova Branch TR62 0011 1000 0000 0021 7830 70 FNNBTRISOPS<\/p>\n<p>USD: Finansbank Yalova Branch TR89 0011 1000 0000 0021 7830 69 FNNBTRISOPS<\/p>\n<h3>Health Tourism Authorization Certificate:<\/h3>\n<p><img fetchpriority=\"high\" decoding=\"async\" class=\"alignnone wp-image-7116\" src=\"https:\/\/www.aktifinternational.com\/wp-content\/uploads\/2025\/02\/Ciftlikkoy-Saglik-Turizmi-Yetki-Belgesi-1024x721.png\" alt=\"\" width=\"872\" height=\"614\" \/><\/p>\n","protected":false},"excerpt":{"rendered":"<p>Our account information is as follows: Company Name: REON HEALTH SERVICES CONSTRUCTION TOURISM INDUSTRY AND TRADE INC. Tax Identification Number (TAN): 7340966973 Address: \u00c7iftlik Mahallesi Kemer Caddesi No: 5 \u00c7iftlikk\u00f6y, 77600 Yalova Merkez\/Yalova E-mail: atop.oyh@gmail.com Telephone: 02263526666 Tax Office: YALOVA EURO: Finansbank Yalova Branch TR62 0011 1000 0000 0021 7830 70 FNNBTRISOPS USD: Finansbank Yalova [&hellip;]<\/p>\n","protected":false},"author":4,"featured_media":0,"parent":0,"menu_order":0,"comment_status":"closed","ping_status":"closed","template":"","meta":{"footnotes":""},"class_list":["post-12086","page","type-page","status-publish","hentry"],"_links":{"self":[{"href":"https:\/\/www.aktifinternational.com\/en\/wp-json\/wp\/v2\/pages\/12086","targetHints":{"allow":["GET"]}}],"collection":[{"href":"https:\/\/www.aktifinternational.com\/en\/wp-json\/wp\/v2\/pages"}],"about":[{"href":"https:\/\/www.aktifinternational.com\/en\/wp-json\/wp\/v2\/types\/page"}],"author":[{"embeddable":true,"href":"https:\/\/www.aktifinternational.com\/en\/wp-json\/wp\/v2\/users\/4"}],"replies":[{"embeddable":true,"href":"https:\/\/www.aktifinternational.com\/en\/wp-json\/wp\/v2\/comments?post=12086"}],"version-history":[{"count":1,"href":"https:\/\/www.aktifinternational.com\/en\/wp-json\/wp\/v2\/pages\/12086\/revisions"}],"predecessor-version":[{"id":12088,"href":"https:\/\/www.aktifinternational.com\/en\/wp-json\/wp\/v2\/pages\/12086\/revisions\/12088"}],"wp:attachment":[{"href":"https:\/\/www.aktifinternational.com\/en\/wp-json\/wp\/v2\/media?parent=12086"}],"curies":[{"name":"wp","href":"https:\/\/api.w.org\/{rel}","templated":true}]}}