{"id":11763,"date":"2025-12-02T10:44:02","date_gmt":"2025-12-02T07:44:02","guid":{"rendered":"https:\/\/www.aktifinternational.com\/en\/?page_id=11763"},"modified":"2025-12-02T10:44:02","modified_gmt":"2025-12-02T07:44:02","slug":"kocaeli-hospital-directions","status":"publish","type":"page","link":"https:\/\/www.aktifinternational.com\/en\/kocaeli-hospital-directions\/","title":{"rendered":"Directions"},"content":{"rendered":"<h2>Aktif International Kocaeli Directions<\/h2>\n<p>The routes you can follow to arrive at our hospital from various locations are as follows.<\/p>\n<p><strong>Transportation from Sabiha G\u00f6k\u00e7en Airport:<\/strong><\/p>\n<p>You should first travel from Istanbul to Kocaeli\/\u0130zmit by bus\/shuttle departing from Sabiha G\u00f6k\u00e7en Airport.<br \/>\nYou can reach the hospital from \u0130zmit by minibus\/bus heading towards Ba\u015fiskele or by taxi.<\/p>\n<p><strong>Transportation from \u0130zmit Train Station:<\/strong><\/p>\n<p>After disembarking at \u0130zmit Train Station, you can take a shared taxi, minibus, or bus heading towards Ba\u015fiskele and Yenik\u00f6y.<br \/>\nAlternatively, a taxi can be convenient; the journey from \u0130zmit to Ba\u015fiskele can be more comfortable than public transportation and walking.<\/p>\n<p><strong>Transportation from \u0130zmit Bus Station and Terminal:<\/strong><\/p>\n<p>From \u0130zmit Bus Station, you can reach Ba\u015fiskele by minibus or shared taxi from Ba\u015fiskele to Yenik\u00f6y. When you arrive in Ba\u015fiskele, specify the address of &#8220;Yenik\u00f6y TeknoPark&#8221; or the hospital and ask for a drop-off. Taking a taxi may be more convenient.<\/p>\n","protected":false},"excerpt":{"rendered":"<p>Aktif International Kocaeli Directions The routes you can follow to arrive at our hospital from various locations are as follows. Transportation from Sabiha G\u00f6k\u00e7en Airport: You should first travel from Istanbul to Kocaeli\/\u0130zmit by bus\/shuttle departing from Sabiha G\u00f6k\u00e7en Airport. You can reach the hospital from \u0130zmit by minibus\/bus heading towards Ba\u015fiskele or by taxi. [&hellip;]<\/p>\n","protected":false},"author":4,"featured_media":0,"parent":0,"menu_order":0,"comment_status":"closed","ping_status":"closed","template":"","meta":{"footnotes":""},"class_list":["post-11763","page","type-page","status-publish","hentry"],"_links":{"self":[{"href":"https:\/\/www.aktifinternational.com\/en\/wp-json\/wp\/v2\/pages\/11763","targetHints":{"allow":["GET"]}}],"collection":[{"href":"https:\/\/www.aktifinternational.com\/en\/wp-json\/wp\/v2\/pages"}],"about":[{"href":"https:\/\/www.aktifinternational.com\/en\/wp-json\/wp\/v2\/types\/page"}],"author":[{"embeddable":true,"href":"https:\/\/www.aktifinternational.com\/en\/wp-json\/wp\/v2\/users\/4"}],"replies":[{"embeddable":true,"href":"https:\/\/www.aktifinternational.com\/en\/wp-json\/wp\/v2\/comments?post=11763"}],"version-history":[{"count":1,"href":"https:\/\/www.aktifinternational.com\/en\/wp-json\/wp\/v2\/pages\/11763\/revisions"}],"predecessor-version":[{"id":11764,"href":"https:\/\/www.aktifinternational.com\/en\/wp-json\/wp\/v2\/pages\/11763\/revisions\/11764"}],"wp:attachment":[{"href":"https:\/\/www.aktifinternational.com\/en\/wp-json\/wp\/v2\/media?parent=11763"}],"curies":[{"name":"wp","href":"https:\/\/api.w.org\/{rel}","templated":true}]}}